{"id":13,"date":"2017-10-18T06:47:25","date_gmt":"2017-10-18T06:47:25","guid":{"rendered":"http:\/\/knops.karnevalszeitschrift-alsdorf.de\/?page_id=13"},"modified":"2022-11-15T17:11:43","modified_gmt":"2022-11-15T17:11:43","slug":"gartenbau","status":"publish","type":"page","link":"https:\/\/www.knops-alsdorf.de\/?page_id=13","title":{"rendered":"Gartenbau"},"content":{"rendered":"<p>Ob im privaten Bereich auf dem heimischen Grundst\u00fcck oder auf \u00f6ffentlichen und gewerblichen Fl\u00e4chen: Unser Gartenbau-Team steht Ihnen als kompetenter Ansprechpartner zur Verf\u00fcgung. Unsere gut ausgebildeten Mitarbeiter und unser moderner Fuhrpark sind Garanten f\u00fcr eine zuverl\u00e4ssige Umsetzung Ihrer W\u00fcnsche.<\/p>\n<p>Unsere Leistungen sind z. B.:<\/p>\n<ul>\n<li>Gartenneuanlagen<\/li>\n<li>Dauergrabpflege<\/li>\n<li>Grabgestaltung und Pflege<\/li>\n<li>F\u00e4ll-und R\u00fcckschnittarbeiten<\/li>\n<li>G\u00e4rtnerische Pflegearbeiten<\/li>\n<\/ul>\n","protected":false},"excerpt":{"rendered":"<p>Ob im privaten Bereich auf dem heimischen Grundst\u00fcck oder auf \u00f6ffentlichen und gewerblichen Fl\u00e4chen: Unser Gartenbau-Team steht Ihnen als kompetenter Ansprechpartner zur Verf\u00fcgung. Unsere gut ausgebildeten Mitarbeiter und unser moderner <span class=\"readmore\"><a href=\"https:\/\/www.knops-alsdorf.de\/?page_id=13\">Weiterlesen &#8230;<\/a><\/span><\/p>\n","protected":false},"author":1,"featured_media":183,"parent":0,"menu_order":30,"comment_status":"closed","ping_status":"closed","template":"","meta":[],"_links":{"self":[{"href":"https:\/\/www.knops-alsdorf.de\/index.php?rest_route=\/wp\/v2\/pages\/13"}],"collection":[{"href":"https:\/\/www.knops-alsdorf.de\/index.php?rest_route=\/wp\/v2\/pages"}],"about":[{"href":"https:\/\/www.knops-alsdorf.de\/index.php?rest_route=\/wp\/v2\/types\/page"}],"author":[{"embeddable":true,"href":"https:\/\/www.knops-alsdorf.de\/index.php?rest_route=\/wp\/v2\/users\/1"}],"replies":[{"embeddable":true,"href":"https:\/\/www.knops-alsdorf.de\/index.php?rest_route=%2Fwp%2Fv2%2Fcomments&post=13"}],"version-history":[{"count":1,"href":"https:\/\/www.knops-alsdorf.de\/index.php?rest_route=\/wp\/v2\/pages\/13\/revisions"}],"predecessor-version":[{"id":284,"href":"https:\/\/www.knops-alsdorf.de\/index.php?rest_route=\/wp\/v2\/pages\/13\/revisions\/284"}],"wp:featuredmedia":[{"embeddable":true,"href":"https:\/\/www.knops-alsdorf.de\/index.php?rest_route=\/wp\/v2\/media\/183"}],"wp:attachment":[{"href":"https:\/\/www.knops-alsdorf.de\/index.php?rest_route=%2Fwp%2Fv2%2Fmedia&parent=13"}],"curies":[{"name":"wp","href":"https:\/\/api.w.org\/{rel}","templated":true}]}}