{"id":15,"date":"2017-10-18T06:47:53","date_gmt":"2017-10-18T06:47:53","guid":{"rendered":"http:\/\/knops.karnevalszeitschrift-alsdorf.de\/?page_id=15"},"modified":"2022-11-15T17:12:05","modified_gmt":"2022-11-15T17:12:05","slug":"gartengestaltung-und-pflegearbeiten","status":"publish","type":"page","link":"https:\/\/www.knops-alsdorf.de\/?page_id=15","title":{"rendered":"Gartengestaltung und -pflegearbeiten"},"content":{"rendered":"<p>Ein sch\u00f6ner Garten ist eine Oase der Ruhe und Erholung.<\/p>\n<div id=\"metaslider-id-353\" style=\"max-width: 200px;\" class=\"ml-slider-3-29-1 metaslider metaslider-flex metaslider-353 ml-slider\">\n    <div id=\"metaslider_container_353\">\n        <div id=\"metaslider_353\">\n            <ul aria-live=\"polite\" class=\"slides\">\n                <li style=\"display: block; width: 100%;\" class=\"slide-355 ms-image\"><img src=\"https:\/\/www.knops-alsdorf.de\/wp-content\/uploads\/2017\/10\/PICT0320-200x200.jpg\" height=\"200\" width=\"200\" alt=\"\" class=\"slider-353 slide-355\" \/><div class=\"caption-wrap\"><div class=\"caption\">Traveler DC 120<\/div><\/div><\/li>\n                <li style=\"display: none; width: 100%;\" class=\"slide-356 ms-image\"><img src=\"https:\/\/www.knops-alsdorf.de\/wp-content\/uploads\/2017\/10\/PICT0231-200x200.jpg\" height=\"200\" width=\"200\" alt=\"\" class=\"slider-353 slide-356\" \/><div class=\"caption-wrap\"><div class=\"caption\">Traveler DC 120<\/div><\/div><\/li>\n                <li style=\"display: none; width: 100%;\" class=\"slide-357 ms-image\"><img src=\"https:\/\/www.knops-alsdorf.de\/wp-content\/uploads\/2017\/10\/PICT0058-200x200.jpg\" height=\"200\" width=\"200\" alt=\"\" class=\"slider-353 slide-357\" \/><div class=\"caption-wrap\"><div class=\"caption\">Traveler DC 120<\/div><\/div><\/li>\n                <li style=\"display: none; width: 100%;\" class=\"slide-358 ms-image\"><img src=\"https:\/\/www.knops-alsdorf.de\/wp-content\/uploads\/2017\/10\/DSC00274-200x200.jpg\" height=\"200\" width=\"200\" alt=\"\" class=\"slider-353 slide-358\" \/><\/li>\n                <li style=\"display: none; width: 100%;\" class=\"slide-359 ms-image\"><img src=\"https:\/\/www.knops-alsdorf.de\/wp-content\/uploads\/2017\/10\/Bild0476-200x200.jpg\" height=\"200\" width=\"200\" alt=\"\" class=\"slider-353 slide-359\" \/><\/li>\n                <li style=\"display: none; width: 100%;\" class=\"slide-360 ms-image\"><img src=\"https:\/\/www.knops-alsdorf.de\/wp-content\/uploads\/2017\/10\/Bild0451-200x200.jpg\" height=\"200\" width=\"200\" alt=\"\" class=\"slider-353 slide-360\" \/><\/li>\n                <li style=\"display: none; width: 100%;\" class=\"slide-361 ms-image\"><img src=\"https:\/\/www.knops-alsdorf.de\/wp-content\/uploads\/2017\/10\/Bild0434-200x200.jpg\" height=\"200\" width=\"200\" alt=\"\" class=\"slider-353 slide-361\" \/><\/li>\n                <li style=\"display: none; width: 100%;\" class=\"slide-362 ms-image\"><img src=\"https:\/\/www.knops-alsdorf.de\/wp-content\/uploads\/2017\/10\/Bild0417-200x200.jpg\" height=\"200\" width=\"200\" alt=\"\" class=\"slider-353 slide-362\" \/><\/li>\n                <li style=\"display: none; width: 100%;\" class=\"slide-363 ms-image\"><img src=\"https:\/\/www.knops-alsdorf.de\/wp-content\/uploads\/2017\/10\/Bild0355-200x200.jpg\" height=\"200\" width=\"200\" alt=\"\" class=\"slider-353 slide-363\" \/><\/li>\n                <li style=\"display: none; width: 100%;\" class=\"slide-364 ms-image\"><img src=\"https:\/\/www.knops-alsdorf.de\/wp-content\/uploads\/2017\/10\/Bild0331-200x200.jpg\" height=\"200\" width=\"200\" alt=\"\" class=\"slider-353 slide-364\" \/><\/li>\n                <li style=\"display: none; width: 100%;\" class=\"slide-365 ms-image\"><img src=\"https:\/\/www.knops-alsdorf.de\/wp-content\/uploads\/2017\/10\/Bild0257-200x200.jpg\" height=\"200\" width=\"200\" alt=\"\" class=\"slider-353 slide-365\" \/><\/li>\n                <li style=\"display: none; width: 100%;\" class=\"slide-366 ms-image\"><img src=\"https:\/\/www.knops-alsdorf.de\/wp-content\/uploads\/2017\/10\/Bild0228-200x200.jpg\" height=\"200\" width=\"200\" alt=\"\" class=\"slider-353 slide-366\" \/><\/li>\n                <li style=\"display: none; width: 100%;\" class=\"slide-367 ms-image\"><img src=\"https:\/\/www.knops-alsdorf.de\/wp-content\/uploads\/2017\/10\/Bild0125-200x200.jpg\" height=\"200\" width=\"200\" alt=\"\" class=\"slider-353 slide-367\" \/><\/li>\n                <li style=\"display: none; width: 100%;\" class=\"slide-368 ms-image\"><img src=\"https:\/\/www.knops-alsdorf.de\/wp-content\/uploads\/2017\/10\/Bild108-200x200.jpg\" height=\"200\" width=\"200\" alt=\"\" class=\"slider-353 slide-368\" \/><\/li>\n            <\/ul>\n        <\/div>\n        \n    <\/div>\n<\/div>\n<p>Zu unseren Leistungen geh\u00f6ren die Planung, Gestaltung und Pflege von Privatg\u00e4rten, gewerblichen Gr\u00fcnanlagen und Au\u00dfenfl\u00e4chen von Wohnanlagen. Egal ob Sie noch selbst Hand anlegen m\u00f6chten oder wir Ihre Gr\u00fcnanlage komplett gestalten sollen: Wir beraten Sie gerne! Wir helfen Ihnen bei der Planung und der Auswahl der Pflanzen oder gestalten Ihre Gr\u00fcnanlage individuell nach Ihren W\u00fcnschen.<\/p>\n<p>Gepflegte Gartenanlagen und Au\u00dfenfl\u00e4chen steigern das Wohlbefinden.<\/p>\n<p>Ob Rasen, Blumen, Stauden, Str\u00e4ucher oder B\u00e4ume: Nur eine harmonisch aufeinander und auf die vorhandenen Gegebenheiten abgestimmte Kombination verschafft eine ideale Atmosph\u00e4re. <em><br \/>\n<\/em><\/p>\n","protected":false},"excerpt":{"rendered":"<p>Ein sch\u00f6ner Garten ist eine Oase der Ruhe und Erholung. Zu unseren Leistungen geh\u00f6ren die Planung, Gestaltung und Pflege von Privatg\u00e4rten, gewerblichen Gr\u00fcnanlagen und Au\u00dfenfl\u00e4chen von Wohnanlagen. Egal ob Sie <span class=\"readmore\"><a href=\"https:\/\/www.knops-alsdorf.de\/?page_id=15\">Weiterlesen &#8230;<\/a><\/span><\/p>\n","protected":false},"author":1,"featured_media":0,"parent":13,"menu_order":0,"comment_status":"closed","ping_status":"closed","template":"","meta":[],"_links":{"self":[{"href":"https:\/\/www.knops-alsdorf.de\/index.php?rest_route=\/wp\/v2\/pages\/15"}],"collection":[{"href":"https:\/\/www.knops-alsdorf.de\/index.php?rest_route=\/wp\/v2\/pages"}],"about":[{"href":"https:\/\/www.knops-alsdorf.de\/index.php?rest_route=\/wp\/v2\/types\/page"}],"author":[{"embeddable":true,"href":"https:\/\/www.knops-alsdorf.de\/index.php?rest_route=\/wp\/v2\/users\/1"}],"replies":[{"embeddable":true,"href":"https:\/\/www.knops-alsdorf.de\/index.php?rest_route=%2Fwp%2Fv2%2Fcomments&post=15"}],"version-history":[{"count":2,"href":"https:\/\/www.knops-alsdorf.de\/index.php?rest_route=\/wp\/v2\/pages\/15\/revisions"}],"predecessor-version":[{"id":369,"href":"https:\/\/www.knops-alsdorf.de\/index.php?rest_route=\/wp\/v2\/pages\/15\/revisions\/369"}],"up":[{"embeddable":true,"href":"https:\/\/www.knops-alsdorf.de\/index.php?rest_route=\/wp\/v2\/pages\/13"}],"wp:attachment":[{"href":"https:\/\/www.knops-alsdorf.de\/index.php?rest_route=%2Fwp%2Fv2%2Fmedia&parent=15"}],"curies":[{"name":"wp","href":"https:\/\/api.w.org\/{rel}","templated":true}]}}