{"id":19,"date":"2017-10-18T06:48:56","date_gmt":"2017-10-18T06:48:56","guid":{"rendered":"http:\/\/knops.karnevalszeitschrift-alsdorf.de\/?page_id=19"},"modified":"2022-11-15T17:11:38","modified_gmt":"2022-11-15T17:11:38","slug":"faell-und-rueckschnittarbeiten","status":"publish","type":"page","link":"https:\/\/www.knops-alsdorf.de\/?page_id=19","title":{"rendered":"F\u00e4ll- und R\u00fcckschnittarbeiten"},"content":{"rendered":"<p>Ob im privaten Bereich auf dem heimischen Grundst\u00fcck oder auf \u00f6ffentlichen und gewerblichen Fl\u00e4chen: Wir sind Ihr kompetenter Ansprechpartner f\u00fcr alle Baumpflege, -r\u00fcckschnitt und -f\u00e4llarbeiten. Unter Beachtung aller Rechtsvorschriften, Naturschutzgesetze und Arbeitsschutz-Richtlinien f\u00fchren wir diese Arbeiten gerne f\u00fcr Sie aus.<\/p>\n<div id=\"metaslider-id-343\" style=\"max-width: 200px;\" class=\"ml-slider-3-29-1 metaslider metaslider-flex metaslider-343 ml-slider\">\n    <div id=\"metaslider_container_343\">\n        <div id=\"metaslider_343\">\n            <ul aria-live=\"polite\" class=\"slides\">\n                <li style=\"display: block; width: 100%;\" class=\"slide-344 ms-image\"><img src=\"https:\/\/www.knops-alsdorf.de\/wp-content\/uploads\/2017\/10\/100_0312-200x200.jpg\" height=\"200\" width=\"200\" alt=\"\" class=\"slider-343 slide-344\" \/><\/li>\n                <li style=\"display: none; width: 100%;\" class=\"slide-345 ms-image\"><img src=\"https:\/\/www.knops-alsdorf.de\/wp-content\/uploads\/2017\/10\/100_0371-200x200.jpg\" height=\"200\" width=\"200\" alt=\"\" class=\"slider-343 slide-345\" \/><\/li>\n                <li style=\"display: none; width: 100%;\" class=\"slide-346 ms-image\"><img src=\"https:\/\/www.knops-alsdorf.de\/wp-content\/uploads\/2017\/10\/100_2193-200x200.jpg\" height=\"200\" width=\"200\" alt=\"\" class=\"slider-343 slide-346\" \/><\/li>\n                <li style=\"display: none; width: 100%;\" class=\"slide-347 ms-image\"><img src=\"https:\/\/www.knops-alsdorf.de\/wp-content\/uploads\/2017\/10\/162-200x200.jpg\" height=\"200\" width=\"200\" alt=\"\" class=\"slider-343 slide-347\" \/><\/li>\n                <li style=\"display: none; width: 100%;\" class=\"slide-348 ms-image\"><img src=\"https:\/\/www.knops-alsdorf.de\/wp-content\/uploads\/2017\/10\/187-200x200.jpg\" height=\"200\" width=\"200\" alt=\"\" class=\"slider-343 slide-348\" \/><\/li>\n                <li style=\"display: none; width: 100%;\" class=\"slide-349 ms-image\"><img src=\"https:\/\/www.knops-alsdorf.de\/wp-content\/uploads\/2017\/10\/DSC00312-200x200.jpg\" height=\"200\" width=\"200\" alt=\"\" class=\"slider-343 slide-349\" \/><\/li>\n                <li style=\"display: none; width: 100%;\" class=\"slide-350 ms-image\"><img src=\"https:\/\/www.knops-alsdorf.de\/wp-content\/uploads\/2017\/10\/DSC00490-200x200.jpg\" height=\"200\" width=\"200\" alt=\"\" class=\"slider-343 slide-350\" \/><\/li>\n                <li style=\"display: none; width: 100%;\" class=\"slide-351 ms-image\"><img src=\"https:\/\/www.knops-alsdorf.de\/wp-content\/uploads\/2017\/10\/PICT0271-200x200.jpg\" height=\"200\" width=\"200\" alt=\"\" class=\"slider-343 slide-351\" \/><div class=\"caption-wrap\"><div class=\"caption\">Traveler DC 120<\/div><\/div><\/li>\n            <\/ul>\n        <\/div>\n        \n    <\/div>\n<\/div>\n<p>Wir schneiden oder f\u00e4llen B\u00e4ume und Str\u00e4ucher. Je nach Aufgabenstellung und Gr\u00f6\u00dfe des Objekts k\u00f6nnen die unterschiedlichsten Arbeitstechniken Anwendung finden, wenn n\u00f6tig auch mit Hebeb\u00fchne.<\/p>\n<p>Auch bei Problemf\u00e4llungen bzw. sehr prek\u00e4ren oder \u00fcberbauten Umgebungen garantieren wir eine sorgf\u00e4ltige Ausf\u00fchrung der Arbeiten.<\/p>\n","protected":false},"excerpt":{"rendered":"<p>Ob im privaten Bereich auf dem heimischen Grundst\u00fcck oder auf \u00f6ffentlichen und gewerblichen Fl\u00e4chen: Wir sind Ihr kompetenter Ansprechpartner f\u00fcr alle Baumpflege, -r\u00fcckschnitt und -f\u00e4llarbeiten. Unter Beachtung aller Rechtsvorschriften, Naturschutzgesetze <span class=\"readmore\"><a href=\"https:\/\/www.knops-alsdorf.de\/?page_id=19\">Weiterlesen &#8230;<\/a><\/span><\/p>\n","protected":false},"author":1,"featured_media":204,"parent":13,"menu_order":0,"comment_status":"closed","ping_status":"closed","template":"","meta":[],"_links":{"self":[{"href":"https:\/\/www.knops-alsdorf.de\/index.php?rest_route=\/wp\/v2\/pages\/19"}],"collection":[{"href":"https:\/\/www.knops-alsdorf.de\/index.php?rest_route=\/wp\/v2\/pages"}],"about":[{"href":"https:\/\/www.knops-alsdorf.de\/index.php?rest_route=\/wp\/v2\/types\/page"}],"author":[{"embeddable":true,"href":"https:\/\/www.knops-alsdorf.de\/index.php?rest_route=\/wp\/v2\/users\/1"}],"replies":[{"embeddable":true,"href":"https:\/\/www.knops-alsdorf.de\/index.php?rest_route=%2Fwp%2Fv2%2Fcomments&post=19"}],"version-history":[{"count":2,"href":"https:\/\/www.knops-alsdorf.de\/index.php?rest_route=\/wp\/v2\/pages\/19\/revisions"}],"predecessor-version":[{"id":352,"href":"https:\/\/www.knops-alsdorf.de\/index.php?rest_route=\/wp\/v2\/pages\/19\/revisions\/352"}],"up":[{"embeddable":true,"href":"https:\/\/www.knops-alsdorf.de\/index.php?rest_route=\/wp\/v2\/pages\/13"}],"wp:featuredmedia":[{"embeddable":true,"href":"https:\/\/www.knops-alsdorf.de\/index.php?rest_route=\/wp\/v2\/media\/204"}],"wp:attachment":[{"href":"https:\/\/www.knops-alsdorf.de\/index.php?rest_route=%2Fwp%2Fv2%2Fmedia&parent=19"}],"curies":[{"name":"wp","href":"https:\/\/api.w.org\/{rel}","templated":true}]}}