{"id":21,"date":"2017-10-18T06:49:40","date_gmt":"2017-10-18T06:49:40","guid":{"rendered":"http:\/\/knops.karnevalszeitschrift-alsdorf.de\/?page_id=21"},"modified":"2022-11-15T17:11:51","modified_gmt":"2022-11-15T17:11:51","slug":"100-jahre-knops","status":"publish","type":"page","link":"https:\/\/www.knops-alsdorf.de\/?page_id=21","title":{"rendered":"100 Jahre Knops"},"content":{"rendered":"<div class=\"content\">\n<p><img decoding=\"async\" loading=\"lazy\" class=\"size-full wp-image-417 alignright\" src=\"https:\/\/www.knops-alsdorf.de\/wp-content\/uploads\/2020\/05\/knops_geschichte_1.jpg\" alt=\"\" width=\"240\" height=\"372\" srcset=\"https:\/\/www.knops-alsdorf.de\/wp-content\/uploads\/2020\/05\/knops_geschichte_1.jpg 240w, https:\/\/www.knops-alsdorf.de\/wp-content\/uploads\/2020\/05\/knops_geschichte_1-194x300.jpg 194w\" sizes=\"(max-width: 240px) 100vw, 240px\" \/>Im Jahr 1910 gr\u00fcndete Anton Knops die Kunstg\u00e4rtnerei Knops. Die Firmenwurzeln liegen in einem kleinen Haus in der Annastra\u00dfe 54 an das eine gro\u00dfe Fl\u00e4che mit Erdtreibh\u00e4usern und bewirtschaftetem Land grenzt.<\/p>\n<p>Die Hauptaufgabe der Firma bestand zu dem Zeitpunkt darin die Bev\u00f6lkerung mit Gem\u00fcsepflanzen zu versorgen und somit der einen Teil der Ern\u00e4hrung sicher zu stellen, dies war in den Kriegszeiten von gro\u00dfer Bedeutung.<\/p>\n<p>Nat\u00fcrlich wurden damals schon zu diversen Anl\u00e4ssen Blumenarrangements gefertigt, doch Blumen waren gerade in den Kriegszeiten ein Luxus den man sich nicht so oft leisten konnte und somit wurde die G\u00e4rtnerei immer weiter ausgebaut.<\/p>\n<p><img decoding=\"async\" loading=\"lazy\" class=\"alignleft size-full wp-image-423\" src=\"https:\/\/www.knops-alsdorf.de\/wp-content\/uploads\/2020\/05\/geschichte_2.jpg\" alt=\"\" width=\"240\" height=\"160\" \/>\u00a0Die Firma wurde dann mit Unterst\u00fctzung von seinem Vater von Josef Knops weitergef\u00fchrt. Zu diesem Zeitpunkt standen immer noch harte Zeiten an, denn nach dem Krieg musste vieles wieder aufgebaut werden und die Versorgung der Bev\u00f6lkerung mit diversen Obst- und Gem\u00fcsepflanzen hatte oberste Priorit\u00e4t.<\/p>\n<p><img decoding=\"async\" loading=\"lazy\" class=\"alignright size-full wp-image-424\" src=\"https:\/\/www.knops-alsdorf.de\/wp-content\/uploads\/2020\/05\/geschichte_3.jpg\" alt=\"\" width=\"240\" height=\"264\" \/>Als die ersten schweren H\u00fcrden genommen waren wurde dann auf Dr\u00e4ngen von Franziska Knops (Ehefrau von Josef Knops) der Bereich Floristik dazu genommen. Zudem geh\u00f6rte der Verkauf von Kleintieren, Futtermittel und S\u00e4mereien zum Gesch\u00e4ftsalltag.<\/p>\n<p>Im Laufe der Jahre traten dann auch beide Kinder in die Fu\u00dfstapfen der Eltern, Anton-Josef Knops (wohl besser bekannt als Tony) arbeitete im g\u00e4rtnerischen Bereich und Begann seine Ausbildung zum G\u00e4rtner bei der Firma Eschweiler in Eschweiler, anschlie\u00dfen besuchte er die Meisterschule in Friesdorf (heute Auweiler) und legte dort seine Meisterpr\u00fcfung als G\u00e4rtner und Florist ab, Anneliese Knops absolvierte ihre Ausbildung im elterlichen Betrieb als Floristin.<\/p>\n<p><img decoding=\"async\" loading=\"lazy\" class=\"alignleft size-full wp-image-418\" src=\"https:\/\/www.knops-alsdorf.de\/wp-content\/uploads\/2020\/05\/knops_geschichte_2.jpg\" alt=\"\" width=\"240\" height=\"178\" \/>Im Jahr 1967 \u00fcbernahm Tony Knops die Gesch\u00e4ftsf\u00fchrung zusammen mit seiner Frau Elfriede, die ihren Beruf als Herrenschneiderin aufgegeben hatte und eine Umschulung zur Floristin bei Blumen Brings in Aachen gemacht hatte.<\/p>\n<p>Zusammen bauten sie das Gesch\u00e4ft immer weiter aus, Die G\u00e4rtnerei wurde im Laufe der Jahre immer mehr durch g\u00e4rtnerische Leistungen wie z.B. Rasen- und Gartenpflege, R\u00fcckschnittarbeiten, Gartenneuanlagen oder Grabpflege ersetzt. Die Floristik bekam immer mehr Bedeutung, so dass auch der Kleintierhandel und die S\u00e4mereien bald nicht mehr angeboten wurden.<em><br \/>\n<\/em><\/p>\n<p><img decoding=\"async\" loading=\"lazy\" class=\"alignright size-full wp-image-419\" src=\"https:\/\/www.knops-alsdorf.de\/wp-content\/uploads\/2020\/05\/knops_geschichte_3.jpg\" alt=\"\" width=\"240\" height=\"246\" \/>Im Jahr 1985 zum 75-j\u00e4hrigen Bestehen stand eine Erweiterung des Ladenlokals mit Umbau an, somit konnte auch eine breitere Produktpallette angeboten werden.<\/p>\n<p>Auch die n\u00e4chste Generation stellte die Weichen in die richtige Richtung. Stefan Knops machte seine Ausbildung zum Blumen \u2013und Zierpflanzeng\u00e4rtner in der G\u00e4rtnerei Ortmanns. Stephanie Knops machte ihre Ausbildung zur Floristin bei ihrer Mutter und anschlie\u00dfend legte sie ihre Meisterpr\u00fcfung in Gelsenkirchen ab.<\/p>\n<p>Im Januar 2000 \u00fcbernahm Stephanie Knops nach dem Tod ihrer Mutter den Gesch\u00e4ftsbereich der Floristik. Der Gartenbau wurde von Tony Knops unterst\u00fctzt von seinem Sohn Stefan Knops geleitet. Die Firmen arbeiten immer daran den Bedarf der Zeit gerecht zu werden und so hat sich vieles im Laufe der letzten Jahrzehnte gewandelt.<\/p>\n<p><img decoding=\"async\" loading=\"lazy\" class=\"alignleft size-full wp-image-420\" src=\"https:\/\/www.knops-alsdorf.de\/wp-content\/uploads\/2020\/05\/knops_geschichte_4.jpg\" alt=\"\" width=\"240\" height=\"180\" \/>Seit M\u00e4rz 2010 haben die Geschwister Stephanie Knops und Stefan Knops, nach dem Tod ihres Vaters, die beiden Firmen wieder zu einer GbR zusammengef\u00fchrt. Somit bietet eine Firma viele individuelle Leistungen z.B. Gartenpflege, Rasenpflege, Grabpflege, R\u00fcckschnittarbeiten, moderne Floristik, Trauerfloristik, Hochzeitsfloristik, aus einer Hand.<\/p>\n<p>In der 100-j\u00e4hrigen Firmengeschichte haben viele Mitarbeiter, Freunde und Familienangeh\u00f6rige zum Erfolg der Firma beigetragen, allen gilt f\u00fcr ihren Einsatz und ihre Leistung ein gro\u00dfer Dank. <em><br \/>\n<\/em><\/p>\n<\/div>\n","protected":false},"excerpt":{"rendered":"<p>Im Jahr 1910 gr\u00fcndete Anton Knops die Kunstg\u00e4rtnerei Knops. Die Firmenwurzeln liegen in einem kleinen Haus in der Annastra\u00dfe 54 an das eine gro\u00dfe Fl\u00e4che mit Erdtreibh\u00e4usern und bewirtschaftetem Land <span class=\"readmore\"><a href=\"https:\/\/www.knops-alsdorf.de\/?page_id=21\">Weiterlesen &#8230;<\/a><\/span><\/p>\n","protected":false},"author":1,"featured_media":183,"parent":0,"menu_order":40,"comment_status":"closed","ping_status":"closed","template":"","meta":[],"_links":{"self":[{"href":"https:\/\/www.knops-alsdorf.de\/index.php?rest_route=\/wp\/v2\/pages\/21"}],"collection":[{"href":"https:\/\/www.knops-alsdorf.de\/index.php?rest_route=\/wp\/v2\/pages"}],"about":[{"href":"https:\/\/www.knops-alsdorf.de\/index.php?rest_route=\/wp\/v2\/types\/page"}],"author":[{"embeddable":true,"href":"https:\/\/www.knops-alsdorf.de\/index.php?rest_route=\/wp\/v2\/users\/1"}],"replies":[{"embeddable":true,"href":"https:\/\/www.knops-alsdorf.de\/index.php?rest_route=%2Fwp%2Fv2%2Fcomments&post=21"}],"version-history":[{"count":4,"href":"https:\/\/www.knops-alsdorf.de\/index.php?rest_route=\/wp\/v2\/pages\/21\/revisions"}],"predecessor-version":[{"id":429,"href":"https:\/\/www.knops-alsdorf.de\/index.php?rest_route=\/wp\/v2\/pages\/21\/revisions\/429"}],"wp:featuredmedia":[{"embeddable":true,"href":"https:\/\/www.knops-alsdorf.de\/index.php?rest_route=\/wp\/v2\/media\/183"}],"wp:attachment":[{"href":"https:\/\/www.knops-alsdorf.de\/index.php?rest_route=%2Fwp%2Fv2%2Fmedia&parent=21"}],"curies":[{"name":"wp","href":"https:\/\/api.w.org\/{rel}","templated":true}]}}