{"id":23,"date":"2017-10-18T06:50:10","date_gmt":"2017-10-18T06:50:10","guid":{"rendered":"http:\/\/knops.karnevalszeitschrift-alsdorf.de\/?page_id=23"},"modified":"2023-11-17T10:29:33","modified_gmt":"2023-11-17T10:29:33","slug":"kontakt","status":"publish","type":"page","link":"https:\/\/www.knops-alsdorf.de\/?page_id=23","title":{"rendered":"Kontakt"},"content":{"rendered":"<h3><em>Wir sind gerne f\u00fcr Sie da!<\/em><\/h3>\n<p><strong>Unsere \u00d6ffnungszeiten sind:<br \/>\n<\/strong>Montag, Dienstag, Donnerstag und Freitag: 9.30 bis 17.00 Uhr<br \/>\nSamstag: 9.30 bis 13.00 Uhr<br \/>\n<em>Mittwoch und Sonntag geschlossen<\/em><\/p>\n<p>Zu unseren \u00d6ffnungszeiten sind wir auch telefonisch unter der Rufnummer 02404 \/ 21222 erreichbar. Gerne stehen wir auch au\u00dferhalb unserer \u00d6ffnungszeiten f\u00fcr einen individuellen Beratungstermin zur Verf\u00fcgung.<\/p>\n<p>Bei Fragen stehen wir Ihnen auch per E-Mail zur Verf\u00fcgung. Unsere E-Mail-Adresse lautet: knops-alsdorf@t-online.de.<\/p>\n<p>Gerne k\u00f6nnen Sie zur Kontaktaufnahme auch das folgende Kontaktformular nutzen. Wir werden uns schnellstm\u00f6glich bei Ihnen melden. Sie m\u00f6chten laufend \u00fcber aktuelle Angebote und Aktionen informiert werden? Dann nutzen Sie bitte das Kontaktformular mit dem Betreff: Newsletter.<\/p>\n<div role=\"form\" class=\"wpcf7\" id=\"wpcf7-f389-o1\" lang=\"de-DE\" dir=\"ltr\">\n<div class=\"screen-reader-response\"><\/div>\n<form action=\"\/index.php?rest_route=%2Fwp%2Fv2%2Fpages%2F23#wpcf7-f389-o1\" method=\"post\" class=\"wpcf7-form\" novalidate=\"novalidate\">\n<div style=\"display: none;\">\n<input type=\"hidden\" name=\"_wpcf7\" value=\"389\" \/>\n<input type=\"hidden\" name=\"_wpcf7_version\" value=\"5.0.2\" \/>\n<input type=\"hidden\" name=\"_wpcf7_locale\" value=\"de_DE\" \/>\n<input type=\"hidden\" name=\"_wpcf7_unit_tag\" value=\"wpcf7-f389-o1\" \/>\n<input type=\"hidden\" name=\"_wpcf7_container_post\" value=\"0\" \/>\n<\/div>\n<p><label> Dein Name (Pflichtfeld)<br \/>\n    <span class=\"wpcf7-form-control-wrap your-name\"><input type=\"text\" name=\"your-name\" value=\"\" size=\"40\" class=\"wpcf7-form-control wpcf7-text wpcf7-validates-as-required\" aria-required=\"true\" aria-invalid=\"false\" \/><\/span> <\/label><\/p>\n<p><label> Deine E-Mail-Adresse (Pflichtfeld)<br \/>\n    <span class=\"wpcf7-form-control-wrap your-email\"><input type=\"email\" name=\"your-email\" value=\"\" size=\"40\" class=\"wpcf7-form-control wpcf7-text wpcf7-email wpcf7-validates-as-required wpcf7-validates-as-email\" aria-required=\"true\" aria-invalid=\"false\" \/><\/span> <\/label><\/p>\n<p><label> Betreff<br \/>\n    <span class=\"wpcf7-form-control-wrap your-subject\"><input type=\"text\" name=\"your-subject\" value=\"\" size=\"40\" class=\"wpcf7-form-control wpcf7-text\" aria-invalid=\"false\" \/><\/span> <\/label><\/p>\n<p><label> Deine Nachricht<br \/>\n    <span class=\"wpcf7-form-control-wrap your-message\"><textarea name=\"your-message\" cols=\"40\" rows=\"10\" class=\"wpcf7-form-control wpcf7-textarea\" aria-invalid=\"false\"><\/textarea><\/span> <\/label><\/p>\n<p><span class=\"wpcf7-form-control-wrap acceptance-175\"><span class=\"wpcf7-form-control wpcf7-acceptance\"><span class=\"wpcf7-list-item\"><input type=\"checkbox\" name=\"acceptance-175\" value=\"1\" aria-invalid=\"false\" \/><\/span><\/span><\/span><br \/>\nSie erkl\u00e4ren sich damit einverstanden, dass die von Ihnen erhobenen personenbezogenen Daten von uns zum Zweck der Bearbeitung Ihres Anliegens verarbeitet werden. Im \u00dcbrigen gilt unsere Datenschutzverordnung. Sie haben das Recht, Ihre Einwilligung in die Verarbeitung jederzeit zu widerrufen. Die Rechtm\u00e4\u00dfigkeit der aufgrund der Einwilligung bis zum Widerruf erfolgten Verarbeitung bleibt unber\u00fchrt. Ihren Widerruf k\u00f6nnen Sie formlos an uns richten.<\/p>\n<p><input type=\"submit\" value=\"Senden\" class=\"wpcf7-form-control wpcf7-submit\" \/><\/p>\n<div class=\"wpcf7-response-output wpcf7-display-none\"><\/div><\/form><\/div>\n","protected":false},"excerpt":{"rendered":"<p>Wir sind gerne f\u00fcr Sie da! Unsere \u00d6ffnungszeiten sind: Montag, Dienstag, Donnerstag und Freitag: 9.30 bis 17.00 Uhr Samstag: 9.30 bis 13.00 Uhr Mittwoch und Sonntag geschlossen Zu unseren \u00d6ffnungszeiten <span class=\"readmore\"><a href=\"https:\/\/www.knops-alsdorf.de\/?page_id=23\">Weiterlesen &#8230;<\/a><\/span><\/p>\n","protected":false},"author":1,"featured_media":0,"parent":0,"menu_order":50,"comment_status":"closed","ping_status":"closed","template":"","meta":[],"_links":{"self":[{"href":"https:\/\/www.knops-alsdorf.de\/index.php?rest_route=\/wp\/v2\/pages\/23"}],"collection":[{"href":"https:\/\/www.knops-alsdorf.de\/index.php?rest_route=\/wp\/v2\/pages"}],"about":[{"href":"https:\/\/www.knops-alsdorf.de\/index.php?rest_route=\/wp\/v2\/types\/page"}],"author":[{"embeddable":true,"href":"https:\/\/www.knops-alsdorf.de\/index.php?rest_route=\/wp\/v2\/users\/1"}],"replies":[{"embeddable":true,"href":"https:\/\/www.knops-alsdorf.de\/index.php?rest_route=%2Fwp%2Fv2%2Fcomments&post=23"}],"version-history":[{"count":9,"href":"https:\/\/www.knops-alsdorf.de\/index.php?rest_route=\/wp\/v2\/pages\/23\/revisions"}],"predecessor-version":[{"id":479,"href":"https:\/\/www.knops-alsdorf.de\/index.php?rest_route=\/wp\/v2\/pages\/23\/revisions\/479"}],"wp:attachment":[{"href":"https:\/\/www.knops-alsdorf.de\/index.php?rest_route=%2Fwp%2Fv2%2Fmedia&parent=23"}],"curies":[{"name":"wp","href":"https:\/\/api.w.org\/{rel}","templated":true}]}}