{"id":7,"date":"2017-10-18T06:45:11","date_gmt":"2017-10-18T06:45:11","guid":{"rendered":"http:\/\/knops.karnevalszeitschrift-alsdorf.de\/?page_id=7"},"modified":"2022-11-15T17:11:02","modified_gmt":"2022-11-15T17:11:02","slug":"meisterfloristik","status":"publish","type":"page","link":"https:\/\/www.knops-alsdorf.de\/?page_id=7","title":{"rendered":"Meisterfloristik"},"content":{"rendered":"<p>Die individuelle Beratung unserer Kunden steht im Vordergrund. Hohe Qualit\u00e4t in der handwerklichen Arbeit ist die Basis unserer Produkte.<\/p>\n<p>F\u00fcr jeden Anlass fertigen wir f\u00fcr Sie die passenden Arrangements. Egal ob Blumenstr\u00e4u\u00dfe, Kr\u00e4nze und Tischdekorationen, Hochzeitsfloristik vom Brautstrau\u00df \u00fcber Autoschmuck bis hin zur Kirchen- und Festsaalsdekoration, Businessfloristik, florale Eventbegleitung oder Trauerfloristik \u2013 wir sind gerne f\u00fcr Sie da.<\/p>\n<p>Bei uns finden Sie z. B.:<\/p>\n<ul>\n<li>Moderne Floristik<\/li>\n<li>Trauerfloristik<\/li>\n<li>Hochzeitsfloristik<\/li>\n<li>Dekoration aller Art<\/li>\n<li>Geschenkartikel und mehr\u2026.<\/li>\n<\/ul>\n","protected":false},"excerpt":{"rendered":"<p>Die individuelle Beratung unserer Kunden steht im Vordergrund. Hohe Qualit\u00e4t in der handwerklichen Arbeit ist die Basis unserer Produkte. F\u00fcr jeden Anlass fertigen wir f\u00fcr Sie die passenden Arrangements. Egal <span class=\"readmore\"><a href=\"https:\/\/www.knops-alsdorf.de\/?page_id=7\">Weiterlesen &#8230;<\/a><\/span><\/p>\n","protected":false},"author":1,"featured_media":183,"parent":0,"menu_order":20,"comment_status":"closed","ping_status":"closed","template":"","meta":[],"_links":{"self":[{"href":"https:\/\/www.knops-alsdorf.de\/index.php?rest_route=\/wp\/v2\/pages\/7"}],"collection":[{"href":"https:\/\/www.knops-alsdorf.de\/index.php?rest_route=\/wp\/v2\/pages"}],"about":[{"href":"https:\/\/www.knops-alsdorf.de\/index.php?rest_route=\/wp\/v2\/types\/page"}],"author":[{"embeddable":true,"href":"https:\/\/www.knops-alsdorf.de\/index.php?rest_route=\/wp\/v2\/users\/1"}],"replies":[{"embeddable":true,"href":"https:\/\/www.knops-alsdorf.de\/index.php?rest_route=%2Fwp%2Fv2%2Fcomments&post=7"}],"version-history":[{"count":1,"href":"https:\/\/www.knops-alsdorf.de\/index.php?rest_route=\/wp\/v2\/pages\/7\/revisions"}],"predecessor-version":[{"id":283,"href":"https:\/\/www.knops-alsdorf.de\/index.php?rest_route=\/wp\/v2\/pages\/7\/revisions\/283"}],"wp:featuredmedia":[{"embeddable":true,"href":"https:\/\/www.knops-alsdorf.de\/index.php?rest_route=\/wp\/v2\/media\/183"}],"wp:attachment":[{"href":"https:\/\/www.knops-alsdorf.de\/index.php?rest_route=%2Fwp%2Fv2%2Fmedia&parent=7"}],"curies":[{"name":"wp","href":"https:\/\/api.w.org\/{rel}","templated":true}]}}